{"id":11,"date":"2025-02-26T11:05:54","date_gmt":"2025-02-26T11:05:54","guid":{"rendered":"https:\/\/borgapartmanok.hu\/?page_id=11"},"modified":"2025-07-14T08:24:17","modified_gmt":"2025-07-14T08:24:17","slug":"valassz-a-szallashelyeink-kozul","status":"publish","type":"page","link":"https:\/\/borgapartmanok.hu\/en\/","title":{"rendered":"V\u00e1lassz a sz\u00e1ll\u00e1shelyeink k\u00f6z\u00fcl!"},"content":{"rendered":"<div data-elementor-type=\"wp-page\" data-elementor-id=\"11\" class=\"elementor elementor-11\" data-elementor-post-type=\"page\">\n\t\t\t\t\t\t<section class=\"elementor-section elementor-top-section elementor-element elementor-element-20192381 elementor-section-full_width elementor-section-height-default elementor-section-height-default\" data-id=\"20192381\" data-element_type=\"section\" data-e-type=\"section\">\n\t\t\t\t\t\t<div class=\"elementor-container elementor-column-gap-default\">\n\t\t\t\t\t<div class=\"elementor-column elementor-col-50 elementor-top-column elementor-element elementor-element-4513a674\" data-id=\"4513a674\" data-element_type=\"column\" data-e-type=\"column\">\n\t\t\t<div class=\"elementor-widget-wrap elementor-element-populated\">\n\t\t\t\t\t\t<div class=\"elementor-element elementor-element-71ac2bef elementor--h-position-right elementor--v-position-middle elementor-pagination-position-inside elementor-widget elementor-widget-slides\" data-id=\"71ac2bef\" data-element_type=\"widget\" data-e-type=\"widget\" data-settings=\"{&quot;navigation&quot;:&quot;dots&quot;,&quot;transition&quot;:&quot;fade&quot;,&quot;autoplay&quot;:&quot;yes&quot;,&quot;autoplay_speed&quot;:5000,&quot;infinite&quot;:&quot;yes&quot;,&quot;transition_speed&quot;:500}\" data-widget_type=\"slides.default\">\n\t\t\t\t<div class=\"elementor-widget-container\">\n\t\t\t\t\t\t\t\t\t<div class=\"elementor-swiper\">\n\t\t\t\t\t<div class=\"elementor-slides-wrapper elementor-main-swiper swiper\" role=\"region\" aria-roledescription=\"carousel\" aria-label=\"Slides\" dir=\"ltr\" data-animation=\"\">\n\t\t\t\t<div class=\"swiper-wrapper elementor-slides\">\n\t\t\t\t\t\t\t\t\t\t<div class=\"elementor-repeater-item-348228a swiper-slide\" role=\"group\" aria-roledescription=\"slide\"><div class=\"swiper-slide-bg\" role=\"img\" aria-label=\"467013993_122102620394619314_1615986203315289510_n\"><\/div><a class=\"swiper-slide-inner\" href=\"https:\/\/borgapartmanok.hu\/en\/borg-apartmanhaz-home\/\"><div class=\"swiper-slide-contents\"><div  class=\"elementor-button elementor-slide-button elementor-size-xl\">\u2190 BORG ApartHotel<\/div><\/div><\/a><\/div><div class=\"elementor-repeater-item-9127c12 swiper-slide\" role=\"group\" aria-roledescription=\"slide\"><div class=\"swiper-slide-bg\" role=\"img\" aria-label=\"466732979_122102627606619314_3746164626579603095_n.jpg\"><\/div><a class=\"swiper-slide-inner\" href=\"https:\/\/borgapartmanok.hu\/en\/borg-apartmanhaz-home\/\"><div class=\"swiper-slide-contents\"><div  class=\"elementor-button elementor-slide-button elementor-size-xl\">\u2190 BORG ApartHotel<\/div><\/div><\/a><\/div><div class=\"elementor-repeater-item-29b47bf swiper-slide\" role=\"group\" aria-roledescription=\"slide\"><div class=\"swiper-slide-bg\" role=\"img\" aria-label=\"467399151_122102625728619314_737433452396755464_n\"><\/div><a class=\"swiper-slide-inner\" href=\"https:\/\/borgapartmanok.hu\/en\/borg-apartmanhaz-home\/\"><div class=\"swiper-slide-contents\"><div  class=\"elementor-button elementor-slide-button elementor-size-xl\">\u2190 BORG ApartHotel<\/div><\/div><\/a><\/div>\t\t\t\t<\/div>\n\t\t\t\t\t\t\t\t\t\t\t\t\t\t\t\t\t\t\t\t<div class=\"swiper-pagination\"><\/div>\n\t\t\t\t\t\t\t\t\t\t\t\t<\/div>\n\t\t\t\t<\/div>\n\t\t\t\t\t\t\t\t<\/div>\n\t\t\t\t<\/div>\n\t\t\t\t\t<\/div>\n\t\t<\/div>\n\t\t\t\t<div class=\"elementor-column elementor-col-50 elementor-top-column elementor-element elementor-element-1c6e7610\" data-id=\"1c6e7610\" data-element_type=\"column\" data-e-type=\"column\">\n\t\t\t<div class=\"elementor-widget-wrap elementor-element-populated\">\n\t\t\t\t\t\t<div class=\"elementor-element elementor-element-4be9a2e8 elementor--h-position-right elementor--v-position-middle elementor-pagination-position-inside elementor-widget elementor-widget-slides\" data-id=\"4be9a2e8\" data-element_type=\"widget\" data-e-type=\"widget\" data-settings=\"{&quot;navigation&quot;:&quot;dots&quot;,&quot;transition&quot;:&quot;fade&quot;,&quot;autoplay&quot;:&quot;yes&quot;,&quot;autoplay_speed&quot;:5000,&quot;infinite&quot;:&quot;yes&quot;,&quot;transition_speed&quot;:500}\" data-widget_type=\"slides.default\">\n\t\t\t\t<div class=\"elementor-widget-container\">\n\t\t\t\t\t\t\t\t\t<div class=\"elementor-swiper\">\n\t\t\t\t\t<div class=\"elementor-slides-wrapper elementor-main-swiper swiper\" role=\"region\" aria-roledescription=\"carousel\" aria-label=\"Slides\" dir=\"ltr\" data-animation=\"\">\n\t\t\t\t<div class=\"swiper-wrapper elementor-slides\">\n\t\t\t\t\t\t\t\t\t\t<div class=\"elementor-repeater-item-348228a swiper-slide\" role=\"group\" aria-roledescription=\"slide\"><div class=\"swiper-slide-bg\" role=\"img\" aria-label=\"466315903_122099552708621278_3527715519085094167_n.jpg\"><\/div><a class=\"swiper-slide-inner\" href=\"https:\/\/borgapartmanok.hu\/en\/borg-apartmanok-home\/\"><div class=\"swiper-slide-contents\"><div  class=\"elementor-button elementor-slide-button elementor-size-xl\">BORG Apartments  \u2192<\/div><\/div><\/a><\/div><div class=\"elementor-repeater-item-9127c12 swiper-slide\" role=\"group\" aria-roledescription=\"slide\"><div class=\"swiper-slide-bg\" role=\"img\" aria-label=\"466164137_122099555204621278_3726974797427008425_n\"><\/div><a class=\"swiper-slide-inner\" href=\"https:\/\/borgapartmanok.hu\/en\/borg-apartmanok-home\/\"><div class=\"swiper-slide-contents\"><div  class=\"elementor-button elementor-slide-button elementor-size-xl\">BORG Apartments  \u2192<\/div><\/div><\/a><\/div><div class=\"elementor-repeater-item-29b47bf swiper-slide\" role=\"group\" aria-roledescription=\"slide\"><div class=\"swiper-slide-bg\" role=\"img\" aria-label=\"466352459_122099552762621278_4093231172260143593_n.jpg\"><\/div><a class=\"swiper-slide-inner\" href=\"https:\/\/borgapartmanok.hu\/en\/borg-apartmanok-home\/\"><div class=\"swiper-slide-contents\"><div  class=\"elementor-button elementor-slide-button elementor-size-xl\">BORG Apartments  \u2192<\/div><\/div><\/a><\/div>\t\t\t\t<\/div>\n\t\t\t\t\t\t\t\t\t\t\t\t\t\t\t\t\t\t\t\t<div class=\"swiper-pagination\"><\/div>\n\t\t\t\t\t\t\t\t\t\t\t\t<\/div>\n\t\t\t\t<\/div>\n\t\t\t\t\t\t\t\t<\/div>\n\t\t\t\t<\/div>\n\t\t\t\t\t<\/div>\n\t\t<\/div>\n\t\t\t\t\t<\/div>\n\t\t<\/section>\n\t\t\t\t<\/div>","protected":false},"excerpt":{"rendered":"<p>\u2190 BORG ApartmanH\u00c1Z\u2190 BORG ApartmanH\u00c1Z\u2190 BORG ApartmanH\u00c1Z BORG Apartmanok \u2192BORG Apartmanok \u2192BORG Apartmanok \u2192<\/p>","protected":false},"author":1,"featured_media":77,"parent":0,"menu_order":0,"comment_status":"closed","ping_status":"closed","template":"","meta":{"footnotes":""},"class_list":["post-11","page","type-page","status-publish","has-post-thumbnail","hentry"],"yoast_head":"<!-- This site is optimized with the Yoast SEO Premium plugin v27.4 (Yoast SEO v27.4) - https:\/\/yoast.com\/product\/yoast-seo-premium-wordpress\/ -->\n<title>V\u00e1lassz a sz\u00e1ll\u00e1shelyeink k\u00f6z\u00fcl! - BORG Apartmanok &amp; Apartmanh\u00e1z<\/title>\n<meta name=\"description\" content=\"Exkluz\u00edv apartmanok Cegl\u00e9d k\u00f6zpontj\u00e1ban. Harm\u00f3nia, st\u00edlus, k\u00e9nyelem, elegancia ...\u00e9s az otthon melege. Foglaljon most!\" \/>\n<meta name=\"robots\" content=\"index, follow, max-snippet:-1, max-image-preview:large, max-video-preview:-1\" \/>\n<link rel=\"canonical\" href=\"https:\/\/borgapartmanok.hu\/en\/\" \/>\n<meta property=\"og:locale\" content=\"en_GB\" \/>\n<meta property=\"og:type\" content=\"article\" \/>\n<meta property=\"og:title\" content=\"V\u00e1lassz a sz\u00e1ll\u00e1shelyeink k\u00f6z\u00fcl!\" \/>\n<meta property=\"og:description\" content=\"Exkluz\u00edv apartmanok Cegl\u00e9d k\u00f6zpontj\u00e1ban. Harm\u00f3nia, st\u00edlus, k\u00e9nyelem, elegancia ...\u00e9s az otthon melege. Foglaljon most!\" \/>\n<meta property=\"og:url\" content=\"https:\/\/borgapartmanok.hu\/en\/\" \/>\n<meta property=\"og:site_name\" content=\"BORG Apartmanok &amp; Apartmanh\u00e1z\" \/>\n<meta property=\"article:modified_time\" content=\"2025-07-14T08:24:17+00:00\" \/>\n<meta property=\"og:image\" content=\"https:\/\/borgapartmanok.hu\/wp-content\/uploads\/2025\/02\/466315903_122099552708621278_3527715519085094167_n-1.jpg\" \/>\n\t<meta property=\"og:image:width\" content=\"2048\" \/>\n\t<meta property=\"og:image:height\" content=\"1366\" \/>\n\t<meta property=\"og:image:type\" content=\"image\/jpeg\" \/>\n<meta name=\"twitter:card\" content=\"summary_large_image\" \/>\n<meta name=\"twitter:label1\" content=\"Estimated reading time\" \/>\n\t<meta name=\"twitter:data1\" content=\"1 minute\" \/>\n<script type=\"application\/ld+json\" class=\"yoast-schema-graph\">{\"@context\":\"https:\\\/\\\/schema.org\",\"@graph\":[{\"@type\":\"WebPage\",\"@id\":\"https:\\\/\\\/borgapartmanok.hu\\\/\",\"url\":\"https:\\\/\\\/borgapartmanok.hu\\\/\",\"name\":\"V\u00e1lassz a sz\u00e1ll\u00e1shelyeink k\u00f6z\u00fcl! - BORG Apartmanok &amp; Apartmanh\u00e1z\",\"isPartOf\":{\"@id\":\"https:\\\/\\\/borgapartmanok.hu\\\/#website\"},\"primaryImageOfPage\":{\"@id\":\"https:\\\/\\\/borgapartmanok.hu\\\/#primaryimage\"},\"image\":{\"@id\":\"https:\\\/\\\/borgapartmanok.hu\\\/#primaryimage\"},\"thumbnailUrl\":\"https:\\\/\\\/borgapartmanok.hu\\\/wp-content\\\/uploads\\\/2025\\\/02\\\/466315903_122099552708621278_3527715519085094167_n-1.jpg\",\"datePublished\":\"2025-02-26T11:05:54+00:00\",\"dateModified\":\"2025-07-14T08:24:17+00:00\",\"description\":\"Exkluz\u00edv apartmanok Cegl\u00e9d k\u00f6zpontj\u00e1ban. Harm\u00f3nia, st\u00edlus, k\u00e9nyelem, elegancia ...\u00e9s az otthon melege. Foglaljon most!\",\"breadcrumb\":{\"@id\":\"https:\\\/\\\/borgapartmanok.hu\\\/#breadcrumb\"},\"inLanguage\":\"en-GB\",\"potentialAction\":[{\"@type\":\"ReadAction\",\"target\":[\"https:\\\/\\\/borgapartmanok.hu\\\/\"]}]},{\"@type\":\"ImageObject\",\"inLanguage\":\"en-GB\",\"@id\":\"https:\\\/\\\/borgapartmanok.hu\\\/#primaryimage\",\"url\":\"https:\\\/\\\/borgapartmanok.hu\\\/wp-content\\\/uploads\\\/2025\\\/02\\\/466315903_122099552708621278_3527715519085094167_n-1.jpg\",\"contentUrl\":\"https:\\\/\\\/borgapartmanok.hu\\\/wp-content\\\/uploads\\\/2025\\\/02\\\/466315903_122099552708621278_3527715519085094167_n-1.jpg\",\"width\":2048,\"height\":1366},{\"@type\":\"BreadcrumbList\",\"@id\":\"https:\\\/\\\/borgapartmanok.hu\\\/#breadcrumb\",\"itemListElement\":[{\"@type\":\"ListItem\",\"position\":1,\"name\":\"Home\",\"item\":\"https:\\\/\\\/borgapartmanok.hu\\\/\"},{\"@type\":\"ListItem\",\"position\":2,\"name\":\"V\u00e1lassz a sz\u00e1ll\u00e1shelyeink k\u00f6z\u00fcl!\"}]},{\"@type\":\"WebSite\",\"@id\":\"https:\\\/\\\/borgapartmanok.hu\\\/#website\",\"url\":\"https:\\\/\\\/borgapartmanok.hu\\\/\",\"name\":\"BORG Apartmanok &amp; Apartmanh\u00e1z\",\"description\":\"Exkluz\u00edv apartmanok Cegl\u00e9den\",\"potentialAction\":[{\"@type\":\"SearchAction\",\"target\":{\"@type\":\"EntryPoint\",\"urlTemplate\":\"https:\\\/\\\/borgapartmanok.hu\\\/?s={search_term_string}\"},\"query-input\":{\"@type\":\"PropertyValueSpecification\",\"valueRequired\":true,\"valueName\":\"search_term_string\"}}],\"inLanguage\":\"en-GB\"}]}<\/script>\n<!-- \/ Yoast SEO Premium plugin. -->","yoast_head_json":{"title":"V\u00e1lassz a sz\u00e1ll\u00e1shelyeink k\u00f6z\u00fcl! - BORG Apartmanok &amp; Apartmanh\u00e1z","description":"Exkluz\u00edv apartmanok Cegl\u00e9d k\u00f6zpontj\u00e1ban. Harm\u00f3nia, st\u00edlus, k\u00e9nyelem, elegancia ...\u00e9s az otthon melege. Foglaljon most!","robots":{"index":"index","follow":"follow","max-snippet":"max-snippet:-1","max-image-preview":"max-image-preview:large","max-video-preview":"max-video-preview:-1"},"canonical":"https:\/\/borgapartmanok.hu\/en\/","og_locale":"en_GB","og_type":"article","og_title":"V\u00e1lassz a sz\u00e1ll\u00e1shelyeink k\u00f6z\u00fcl!","og_description":"Exkluz\u00edv apartmanok Cegl\u00e9d k\u00f6zpontj\u00e1ban. Harm\u00f3nia, st\u00edlus, k\u00e9nyelem, elegancia ...\u00e9s az otthon melege. Foglaljon most!","og_url":"https:\/\/borgapartmanok.hu\/en\/","og_site_name":"BORG Apartmanok &amp; Apartmanh\u00e1z","article_modified_time":"2025-07-14T08:24:17+00:00","og_image":[{"width":2048,"height":1366,"url":"https:\/\/borgapartmanok.hu\/wp-content\/uploads\/2025\/02\/466315903_122099552708621278_3527715519085094167_n-1.jpg","type":"image\/jpeg"}],"twitter_card":"summary_large_image","twitter_misc":{"Estimated reading time":"1 minute"},"schema":{"@context":"https:\/\/schema.org","@graph":[{"@type":"WebPage","@id":"https:\/\/borgapartmanok.hu\/","url":"https:\/\/borgapartmanok.hu\/","name":"V\u00e1lassz a sz\u00e1ll\u00e1shelyeink k\u00f6z\u00fcl! - BORG Apartmanok &amp; Apartmanh\u00e1z","isPartOf":{"@id":"https:\/\/borgapartmanok.hu\/#website"},"primaryImageOfPage":{"@id":"https:\/\/borgapartmanok.hu\/#primaryimage"},"image":{"@id":"https:\/\/borgapartmanok.hu\/#primaryimage"},"thumbnailUrl":"https:\/\/borgapartmanok.hu\/wp-content\/uploads\/2025\/02\/466315903_122099552708621278_3527715519085094167_n-1.jpg","datePublished":"2025-02-26T11:05:54+00:00","dateModified":"2025-07-14T08:24:17+00:00","description":"Exkluz\u00edv apartmanok Cegl\u00e9d k\u00f6zpontj\u00e1ban. Harm\u00f3nia, st\u00edlus, k\u00e9nyelem, elegancia ...\u00e9s az otthon melege. Foglaljon most!","breadcrumb":{"@id":"https:\/\/borgapartmanok.hu\/#breadcrumb"},"inLanguage":"en-GB","potentialAction":[{"@type":"ReadAction","target":["https:\/\/borgapartmanok.hu\/"]}]},{"@type":"ImageObject","inLanguage":"en-GB","@id":"https:\/\/borgapartmanok.hu\/#primaryimage","url":"https:\/\/borgapartmanok.hu\/wp-content\/uploads\/2025\/02\/466315903_122099552708621278_3527715519085094167_n-1.jpg","contentUrl":"https:\/\/borgapartmanok.hu\/wp-content\/uploads\/2025\/02\/466315903_122099552708621278_3527715519085094167_n-1.jpg","width":2048,"height":1366},{"@type":"BreadcrumbList","@id":"https:\/\/borgapartmanok.hu\/#breadcrumb","itemListElement":[{"@type":"ListItem","position":1,"name":"Home","item":"https:\/\/borgapartmanok.hu\/"},{"@type":"ListItem","position":2,"name":"V\u00e1lassz a sz\u00e1ll\u00e1shelyeink k\u00f6z\u00fcl!"}]},{"@type":"WebSite","@id":"https:\/\/borgapartmanok.hu\/#website","url":"https:\/\/borgapartmanok.hu\/","name":"BORG Apartmanok &amp; Apartmanh\u00e1z","description":"Exkluz\u00edv apartmanok Cegl\u00e9den","potentialAction":[{"@type":"SearchAction","target":{"@type":"EntryPoint","urlTemplate":"https:\/\/borgapartmanok.hu\/?s={search_term_string}"},"query-input":{"@type":"PropertyValueSpecification","valueRequired":true,"valueName":"search_term_string"}}],"inLanguage":"en-GB"}]}},"_links":{"self":[{"href":"https:\/\/borgapartmanok.hu\/en\/wp-json\/wp\/v2\/pages\/11","targetHints":{"allow":["GET"]}}],"collection":[{"href":"https:\/\/borgapartmanok.hu\/en\/wp-json\/wp\/v2\/pages"}],"about":[{"href":"https:\/\/borgapartmanok.hu\/en\/wp-json\/wp\/v2\/types\/page"}],"author":[{"embeddable":true,"href":"https:\/\/borgapartmanok.hu\/en\/wp-json\/wp\/v2\/users\/1"}],"replies":[{"embeddable":true,"href":"https:\/\/borgapartmanok.hu\/en\/wp-json\/wp\/v2\/comments?post=11"}],"version-history":[{"count":0,"href":"https:\/\/borgapartmanok.hu\/en\/wp-json\/wp\/v2\/pages\/11\/revisions"}],"wp:featuredmedia":[{"embeddable":true,"href":"https:\/\/borgapartmanok.hu\/en\/wp-json\/wp\/v2\/media\/77"}],"wp:attachment":[{"href":"https:\/\/borgapartmanok.hu\/en\/wp-json\/wp\/v2\/media?parent=11"}],"curies":[{"name":"wp","href":"https:\/\/api.w.org\/{rel}","templated":true}]}}