{"id":251,"date":"2025-02-27T11:14:56","date_gmt":"2025-02-27T11:14:56","guid":{"rendered":"https:\/\/borgapartmanok.hu\/?page_id=251"},"modified":"2025-02-27T11:16:25","modified_gmt":"2025-02-27T11:16:25","slug":"hazirend-borg-apartmanok","status":"publish","type":"page","link":"https:\/\/borgapartmanok.hu\/en\/hazirend-borg-apartmanok\/","title":{"rendered":"H\u00e1zirend BORG Apartmanok"},"content":{"rendered":"\t\t<div data-elementor-type=\"wp-page\" data-elementor-id=\"251\" class=\"elementor elementor-251\" data-elementor-post-type=\"page\">\n\t\t\t\t\t\t<section class=\"elementor-section elementor-top-section elementor-element elementor-element-441472 elementor-section-full_width elementor-reverse-mobile elementor-section-height-default elementor-section-height-default\" data-id=\"441472\" data-element_type=\"section\" data-e-type=\"section\">\n\t\t\t\t\t\t<div class=\"elementor-container elementor-column-gap-default\">\n\t\t\t\t\t<div class=\"elementor-column elementor-col-100 elementor-top-column elementor-element elementor-element-c5a5f2d\" data-id=\"c5a5f2d\" data-element_type=\"column\" data-e-type=\"column\">\n\t\t\t<div class=\"elementor-widget-wrap elementor-element-populated\">\n\t\t\t\t\t\t<div class=\"elementor-element elementor-element-19fd9609 elementor-widget elementor-widget-heading\" data-id=\"19fd9609\" data-element_type=\"widget\" data-e-type=\"widget\" data-widget_type=\"heading.default\">\n\t\t\t\t<div class=\"elementor-widget-container\">\n\t\t\t\t\t<h1 class=\"elementor-heading-title elementor-size-default\">H\u00e1zirend<\/h1>\t\t\t\t<\/div>\n\t\t\t\t<\/div>\n\t\t\t\t\t<\/div>\n\t\t<\/div>\n\t\t\t\t\t<\/div>\n\t\t<\/section>\n\t\t\t\t<section class=\"elementor-section elementor-top-section elementor-element elementor-element-3cecadf0 elementor-section-full_width elementor-section-height-default elementor-section-height-default\" data-id=\"3cecadf0\" data-element_type=\"section\" data-e-type=\"section\">\n\t\t\t\t\t\t<div class=\"elementor-container elementor-column-gap-default\">\n\t\t\t\t\t<div class=\"elementor-column elementor-col-50 elementor-top-column elementor-element elementor-element-7192e126\" data-id=\"7192e126\" data-element_type=\"column\" data-e-type=\"column\">\n\t\t\t<div class=\"elementor-widget-wrap elementor-element-populated\">\n\t\t\t\t\t\t<div class=\"elementor-element elementor-element-70ca4e1 elementor-widget-divider--view-line elementor-widget elementor-widget-divider\" data-id=\"70ca4e1\" data-element_type=\"widget\" data-e-type=\"widget\" data-settings=\"{&quot;motion_fx_motion_fx_scrolling&quot;:&quot;yes&quot;,&quot;motion_fx_translateX_effect&quot;:&quot;yes&quot;,&quot;motion_fx_translateX_direction&quot;:&quot;negative&quot;,&quot;motion_fx_translateX_speed&quot;:{&quot;unit&quot;:&quot;px&quot;,&quot;size&quot;:&quot;1.5&quot;,&quot;sizes&quot;:[]},&quot;motion_fx_devices&quot;:[&quot;desktop&quot;],&quot;motion_fx_translateX_affectedRange&quot;:{&quot;unit&quot;:&quot;%&quot;,&quot;size&quot;:&quot;&quot;,&quot;sizes&quot;:{&quot;start&quot;:0,&quot;end&quot;:100}}}\" data-widget_type=\"divider.default\">\n\t\t\t\t<div class=\"elementor-widget-container\">\n\t\t\t\t\t\t\t<div class=\"elementor-divider\">\n\t\t\t<span class=\"elementor-divider-separator\">\n\t\t\t\t\t\t<\/span>\n\t\t<\/div>\n\t\t\t\t\t\t<\/div>\n\t\t\t\t<\/div>\n\t\t\t\t\t<\/div>\n\t\t<\/div>\n\t\t\t\t<div class=\"elementor-column elementor-col-50 elementor-top-column elementor-element elementor-element-7a84b24a\" data-id=\"7a84b24a\" data-element_type=\"column\" data-e-type=\"column\">\n\t\t\t<div class=\"elementor-widget-wrap elementor-element-populated\">\n\t\t\t\t\t\t<div class=\"elementor-element elementor-element-69a03980 elementor-align-right elementor-widget elementor-widget-button\" data-id=\"69a03980\" data-element_type=\"widget\" data-e-type=\"widget\" data-widget_type=\"button.default\">\n\t\t\t\t<div class=\"elementor-widget-container\">\n\t\t\t\t\t\t\t\t\t<div class=\"elementor-button-wrapper\">\n\t\t\t\t\t<a class=\"elementor-button elementor-button-link elementor-size-sm\" href=\"https:\/\/borgapartmanok.hu\/borg-apartmanok-home\/\">\n\t\t\t\t\t\t<span class=\"elementor-button-content-wrapper\">\n\t\t\t\t\t\t\t\t\t<span class=\"elementor-button-text\">vissza a f\u0151oldalra<\/span>\n\t\t\t\t\t<\/span>\n\t\t\t\t\t<\/a>\n\t\t\t\t<\/div>\n\t\t\t\t\t\t\t\t<\/div>\n\t\t\t\t<\/div>\n\t\t\t\t\t<\/div>\n\t\t<\/div>\n\t\t\t\t\t<\/div>\n\t\t<\/section>\n\t\t\t\t<section class=\"elementor-section elementor-top-section elementor-element elementor-element-4d7c1fd2 elementor-section-full_width elementor-section-height-default elementor-section-height-default\" data-id=\"4d7c1fd2\" data-element_type=\"section\" data-e-type=\"section\">\n\t\t\t\t\t\t<div class=\"elementor-container elementor-column-gap-default\">\n\t\t\t\t\t<div class=\"elementor-column elementor-col-100 elementor-top-column elementor-element elementor-element-97e4df7\" data-id=\"97e4df7\" data-element_type=\"column\" data-e-type=\"column\">\n\t\t\t<div class=\"elementor-widget-wrap elementor-element-populated\">\n\t\t\t\t\t\t<div class=\"elementor-element elementor-element-6472f80e elementor-widget elementor-widget-heading\" data-id=\"6472f80e\" data-element_type=\"widget\" data-e-type=\"widget\" data-widget_type=\"heading.default\">\n\t\t\t\t<div class=\"elementor-widget-container\">\n\t\t\t\t\t<h2 class=\"elementor-heading-title elementor-size-default\">K\u00d6SZ\u00d6NT\u00dcNK  <br><b><font color=\"#68b453\"> MINDEN KEDVES VEND\u00c9GET<\/b> <\/font> A BORG APARTMANOKBAN! <\/h2>\t\t\t\t<\/div>\n\t\t\t\t<\/div>\n\t\t\t\t<div class=\"elementor-element elementor-element-7041bb71 elementor-widget elementor-widget-text-editor\" data-id=\"7041bb71\" data-element_type=\"widget\" data-e-type=\"widget\" data-widget_type=\"text-editor.default\">\n\t\t\t\t<div class=\"elementor-widget-container\">\n\t\t\t\t\t\t\t\t\t<p class=\"p2\">Az apartmanunkban elt\u00f6lt\u00f6tt zavartalan pihen\u00e9s \u00e9rdek\u00e9ben \u00f6sszefoglalt legfontosabb tudnival\u00f3k:<\/p><p class=\"p4\"><span class=\"s1\"><b>H\u00c1ZIREND<\/b><\/span><\/p><p class=\"p4\">Az apartman vend\u00e9gei k\u00f6telesek betartani \u00e9s elfogadni a H\u00e1zirendet \u00e9s az emberi egy\u00fctt\u00e9l\u00e9s, a kultur\u00e1lt viselked\u00e9s szab\u00e1lyait.<\/p><p class=\"p6\"><b>\u00c9rkez\u00e9s \/ T\u00e1voz\u00e1s<\/b><\/p><ul class=\"ul1\"><li class=\"li6\">A sz\u00e1ll\u00e1shely az \u00e9rkez\u00e9s napj\u00e1n 14 \u00f3r\u00e1t\u00f3l, az elutaz\u00e1s napj\u00e1n d\u00e9lel\u0151tt 10 \u00f3r\u00e1ig \u00e1ll a rendelkez\u00e9sre. Egy\u00e9b lehet\u0151s\u00e9gek el\u0151zetes egyeztet\u00e9s alapj\u00e1n, rugalmasan int\u00e9zhet\u0151k.<span class=\"Apple-converted-space\">\u00a0<\/span><\/li><li class=\"li7\"><span class=\"s3\">A lefoglalt id\u0151pont el\u0151tti elutaz\u00e1s eset\u00e9n sz\u00e1ll\u00e1sd\u00edjat nem t\u00e9r\u00edt\u00fcnk vissza.<\/span><\/li><li class=\"li7\"><span class=\"s3\">A bejelentkez\u00e9skor k\u00f6teles olvashat\u00f3an kit\u00f6lteni a regisztr\u00e1ci\u00f3s \u0171rlapot melynek adatait a recepci\u00f3n dolgoz\u00f3 munkat\u00e1rs az okm\u00e1nyok alapj\u00e1n egyezteti.<\/span><\/li><li class=\"li7\"><span class=\"s3\">A Vend\u00e9geink l\u00e1togat\u00f3t csak \u00e9s kiz\u00e1r\u00f3lag a recepci\u00f3 tudt\u00e1val, beleegyez\u00e9s\u00e9vel fogadhatnak.<\/span><\/li><li class=\"li6\">Az apartman elhagy\u00e1sakor az \u00e1tvett TV, kl\u00edma kapcsol\u00f3t le kell adni a recepti\u00f3n. Az ajt\u00f3kat, ablakokat k\u00e9rj\u00fck bez\u00e1rni.<span class=\"Apple-converted-space\">\u00a0<\/span><\/li><li class=\"li6\">Kulcs\u00e1tad\u00e1s id\u0151pontj\u00e1r\u00f3l k\u00e9rj\u00fck el\u0151re t\u00e1j\u00e9koztassa a sz\u00e1ll\u00e1sad\u00f3t!<span class=\"Apple-converted-space\">\u00a0<\/span><\/li><\/ul><p class=\"p9\"><b>Fizet\u00e9s<\/b><\/p><ul class=\"ul1\"><li class=\"li7\"><span class=\"s3\">A sz\u00e1ll\u00e1sd\u00edj \u00e9s az idegenforgalmi ad\u00f3 fizet\u00e9se t\u00e1voz\u00e1s el\u0151tt t\u00f6rt\u00e9nik. Ha valami miatt az \u00d6n \u00e1ltal el\u0151re lefoglalt id\u0151szak v\u00e9ge el\u0151tt t\u00e1vozik a sz\u00e1ll\u00e1sr\u00f3l, abban az esetben is k\u00f6teles a lefoglalt \u00e9jszak\u00e1k sz\u00e1ll\u00e1sd\u00edj\u00e1t kifizetni.<\/span><\/li><li class=\"li6\">A sz\u00e1ll\u00e1sd\u00edj tartalmazza a k\u00f6z\u00fczemi d\u00edjakat \u00e9s egy\u00e9b rezsi k\u00f6lts\u00e9geket, az \u00e1gynem\u0171t huzattal, egy h\u00e9ten t\u00fali tart\u00f3zkod\u00e1s eset\u00e9n heti takar\u00edt\u00e1st \u00e9s \u00e1gynem\u0171- illetve t\u00f6r\u00f6lk\u00f6z\u0151 cser\u00e9t, valamint a v\u00e9gs\u0151 takar\u00edt\u00e1st is.<span class=\"Apple-converted-space\">\u00a0<\/span><\/li><li class=\"li7\"><span class=\"s3\">Fizet\u00e9si lehet\u0151s\u00e9gek: k\u00e9szp\u00e9nz, bankk\u00e1rtya<\/span><\/li><li class=\"li6\"><span class=\"s3\">Elfogadott p\u00e9nznemek: Forint \u00e9s Euro<span class=\"Apple-converted-space\">\u00a0<\/span><\/span><\/li><li class=\"li7\"><span class=\"s3\">Az idegenforgalmi ad\u00f3t k\u00e9szp\u00e9nzben kell kiegyenl\u00edteni!<\/span><\/li><\/ul><p class=\"p9\"><b>Parkol\u00f3 haszn\u00e1lat<\/b><\/p><ul class=\"ul1\"><li class=\"li7\"><span class=\"s3\">Az utcai \u00e9s a bels\u0151 parkol\u00f3 is egyar\u00e1nt kamer\u00e1val v\u00e9dett. A behajt\u00f3 \u00e9s a parkol\u00f3 ter\u00fclet\u00e9n a mindenkori KRESZ szab\u00e1lyok vannak \u00e9rv\u00e9nyben. A megengedett sebess\u00e9ghat\u00e1r 5 km\/h.<\/span><\/li><li class=\"li7\"><span class=\"s3\">Apartmanonk\u00e9nt, szob\u00e1nkk\u00e9nt egy parkol\u00f3 ingyen biztos\u00edtott a Vend\u00e9gek sz\u00e1m\u00e1ra.<\/span><\/li><li class=\"li7\"><span class=\"s3\">A kocsibehajt\u00f3n\u00e1l a kapu elektromosan ny\u00edlik, z\u00e1r\u00f3dik. \u00c9rkez\u00e9skor a recepci\u00f3n lehet k\u00e9rni a kapu kinyit\u00e1s\u00e1t. T\u00e1voz\u00e1skor a kapu el\u0151tti megjel\u00f6lt helyen, nyom\u00f3gomb seg\u00edts\u00e9g\u00e9vel nyithat\u00f3 a kapu, mely k\u00e9s\u0151bb automatikusan becsuk\u00f3dik. <span class=\"Apple-converted-space\">\u00a0<\/span><\/span><\/li><li class=\"li7\"><span class=\"s3\">A parkol\u00f3 ter\u00fclet\u00e9n nem lehet a g\u00e9pj\u00e1rm\u0171v\u00f6n semmilyen szerel\u00e9st, karbantart\u00e1st v\u00e9gezni.<span class=\"Apple-converted-space\">\u00a0<\/span><\/span><\/li><\/ul><p class=\"p9\"><b>Doh\u00e1nyz\u00e1s<\/b><\/p><ul class=\"ul1\"><li class=\"li7\"><span class=\"s3\">A doh\u00e1nyz\u00e1s \u00e9s a ny\u00edlt l\u00e1ng haszn\u00e1lata az \u00e9p\u00fcleten bel\u00fcl szigor\u00faan TILOS!<\/span><\/li><li class=\"li7\"><span class=\"s3\">Csak az udvaron kijel\u00f6lt helyen megengedett a doh\u00e1nyz\u00e1s!<\/span><\/li><li class=\"li7\"><span class=\"s3\">Tisztelettel megk\u00e9rj\u00fck doh\u00e1nyz\u00f3 Vend\u00e9geinket, hogy a tisztas\u00e1g fenntart\u00e1sa \u00e9rdek\u00e9ben az udvaron a csikkeket ne sz\u00f3rj\u00e1k el, hanem azokat \u00f6sszegy\u0171jtve a szemetesekbe helyezz\u00e9k.<\/span><\/li><\/ul><p class=\"p9\"><b>Takar\u00edt\u00e1s<\/b><\/p><ul class=\"ul1\"><li class=\"li7\"><span class=\"s3\">A szob\u00e1kat a Vend\u00e9gek tiszt\u00e1n, kitakar\u00edtva veszik \u00e1t, amennyiben probl\u00e9ma mer\u00fcl fel a tisztas\u00e1ggal jelezze a recepci\u00f3n, ut\u00f3lagos reklam\u00e1ci\u00f3t nem \u00e1ll m\u00f3dunkban elfogadni. Ottl\u00e9t\u00fck alatt takar\u00edt\u00e1st hetente egyszer v\u00e9gz\u00fcnk, enn\u00e9l t\u00f6bbsz\u00f6r csak k\u00fcl\u00f6n k\u00e9r\u00e9sre. Takar\u00edt\u00e1si ig\u00e9ny\u00fcket a recepci\u00f3n tudj\u00e1k jelezni.<\/span><\/li><\/ul><p class=\"p9\"><b>Szem\u00e9telhelyez\u00e9s, kezel\u00e9s:<\/b><\/p><ul class=\"ul1\"><li class=\"li7\"><span class=\"s3\">A h\u00e1ztart\u00e1si szem\u00e9t gy\u0171jt\u00e9se az apartmanokn\u00e1l a konyhaszekr\u00e9nyben a mosogat\u00f3 alatti kuk\u00e1kban t\u00f6rt\u00e9nik, melyeket minden h\u00e9ten egyszer \u00fcr\u00edt\u00fcnk a takar\u00edt\u00e1s alkalm\u00e1val. Ha enn\u00e9l hamarabb telik meg a kuka szem\u00e9ttel, akkor azt az udvaron kihelyezett nagy szemeteskuk\u00e1kba kell \u00fcr\u00edteni.<span class=\"Apple-converted-space\">\u00a0<\/span><\/span><\/li><li class=\"li7\"><span class=\"s3\">A szemetet ne hagyj\u00e1k a foly\u00f3sokon, ajt\u00f3k m\u00f6g\u00f6tt, k\u00f6z\u00f6ss\u00e9gi tereken.<\/span><\/li><\/ul><p class=\"p9\"><b>Szolg\u00e1ltat\u00e1sok:<\/b><\/p><ul class=\"ul1\"><li class=\"li7\"><span class=\"s3\">A Vend\u00e9gek r\u00e9sz\u00e9re a parkol\u00f3 ingyenes.<\/span><\/li><li class=\"li7\"><span class=\"s3\">A wifi haszn\u00e1lat ingyenes melynek jelszava a recepci\u00f3n elk\u00e9rhet\u0151.<\/span><\/li><li class=\"li7\"><span class=\"s3\">Minden apartman rendelkezik kl\u00edm\u00e1val melynek t\u00e1vir\u00e1ny\u00edt\u00f3j\u00e1t a recepci\u00f3n k\u00e9rhetik el. <span class=\"Apple-converted-space\">\u00a0<\/span><\/span><\/li><li class=\"li7\"><span class=\"s3\">Az apartmanok el\u0151tti saj\u00e1t teraszok \u00e9s kerti b\u00fatorok a nap b\u00e1rmely id\u0151szak\u00e1ban haszn\u00e1lhat\u00f3ak ak\u00e1r \u00e9tkez\u00e9s, vagy doh\u00e1nyz\u00e1s c\u00e9lj\u00e1b\u00f3l is<\/span><\/li><li class=\"li6\">Csecsem\u0151 r\u00e9sz\u00e9re utaz\u00f3 \u00e1gyat vagy kis\u00e1gyat el\u0151zetes bejelent\u00e9sre tudunk biztos\u00edtani.<span class=\"Apple-converted-space\">\u00a0<\/span><\/li><li class=\"li7\"><span class=\"s3\">H\u00e1zi\u00e1llat behozatal\u00e1ra a sz\u00e1ll\u00e1sad\u00f3val t\u00f6rt\u00e9n\u0151 el\u0151zetes egyeztet\u00e9s ut\u00e1n van lehet\u0151s\u00e9g melynek a napi d\u00edja 3.000.- Ft\/\u00e9j. Minden esetben k\u00e9rj\u00fck az \u00e1llat gazd\u00e1j\u00e1t, hogy az \u00e1llattal kapcsolatos igazol\u00f3 dokumentumot hozza mag\u00e1val, a biztons\u00e1g\u00e1t szavatol\u00f3 egy\u00e9b kieg\u00e9sz\u00edt\u0151 felszerel\u00e9ssel egy\u00fctt.<\/span><\/li><\/ul><p class=\"p9\"><b>Egy\u00e9b fontos szab\u00e1lyok:<\/b><\/p><ul class=\"ul1\"><li class=\"li7\"><span class=\"s3\">A szob\u00e1ban felejtett \u00e9rt\u00e9keket 2 h\u00f3napig \u00e1ll m\u00f3dunkban meg\u0151rizni, s amennyiben jelzik fel\u00e9nk a megadott id\u0151ponton bel\u00fcl a megadott c\u00edmre post\u00e1zzuk.<\/span><\/li><li class=\"li7\"><span class=\"s3\">A Vend\u00e9gek \u00e9s a szomsz\u00e9dok nyugalm\u00e1nak biztos\u00edt\u00e1sa miatt, az apartmanokban \u00e9s a szob\u00e1kban <b>22.00 \u2013 08.00 \u00f3ra k\u00f6z\u00f6tt<\/b> tilos hangoskodni, zen\u00e9lni vagy zen\u00e9t hallgatni.<\/span><\/li><li class=\"li7\"><span class=\"s3\">Felh\u00edvjuk figyelm\u00e9t, hogy a sz\u00e1ll\u00e1sad\u00f3nak nem \u00e1ll m\u00f3dj\u00e1ban felel\u0151ss\u00e9get v\u00e1llalni \u00e9s k\u00e1rt\u00e9r\u00edt\u00e9st fizetni az \u00f6nhib\u00e1j\u00e1n k\u00edv\u00fcl t\u00f6rt\u00e9nt esem\u00e9nyekb\u0151l ered\u0151 k\u00e1rok\u00e9rt (pl. term\u00e9szeti csap\u00e1s, j\u00e9ges\u0151, t\u0171z, \u00e1ramsz\u00fcnet, parkol\u00f3ban keletkezett s\u00e9r\u00fcl\u00e9sek stb.).<\/span><\/li><li class=\"li7\"><span class=\"s3\">A sz\u00e1ll\u00e1sad\u00f3 fenntartja a jogot, hogy a botr\u00e1nyosan viselked\u0151, a h\u00e1zirendet be nem tart\u00f3 vend\u00e9geket nem fogadja, illetve a sz\u00e1ll\u00e1sr\u00f3l azonnal elt\u00e1vol\u00edtja.<\/span><\/li><li class=\"li7\"><span class=\"s3\">Az apartman bels\u0151 ter\u00e9be ker\u00e9kp\u00e1rt bevinni tilos!<\/span><\/li><li class=\"li10\"><span class=\"s3\">Az \u00e1tadott kulcsok \u00e9s kapu t\u00e1vir\u00e1ny\u00edt\u00f3k esetleges elveszt\u00e9se eset\u00e9n a vend\u00e9gek k\u00f6telesek azt halad\u00e9ktalanul jelezni \u00e9s annak \u00e1r\u00e1t, illetve a z\u00e1rcser\u00e9t a sz\u00e1ll\u00e1sad\u00f3nak megt\u00e9r\u00edteni. (z\u00e1rcsere: 20.000.- Ft, t\u00e1vir\u00e1ny\u00edt\u00f3 p\u00f3tl\u00e1s 25.000.-. Ft)<\/span><\/li><li class=\"li10\"><span class=\"s3\">A sz\u00e1ll\u00e1sad\u00f3 nem v\u00e1llal felel\u0151ss\u00e9get a nem rendeltet\u00e9sszer\u0171 haszn\u00e1latb\u00f3l ad\u00f3d\u00f3 esetleges anyagi k\u00e1rok\u00e9rt vagy balesetek\u00e9rt.<\/span><\/li><li class=\"li10\"><span class=\"s3\">Amennyiben a tart\u00f3zkod\u00e1s alatt az apartmannal, szob\u00e1val kapcsolatban b\u00e1rmilyen probl\u00e9ma felmer\u00fcl, k\u00e9rj\u00fck, halad\u00e9ktalanul \u00e9rtes\u00edtse arr\u00f3l a sz\u00e1ll\u00e1sad\u00f3t. Ut\u00f3lagos reklam\u00e1ci\u00f3t nem \u00e1ll m\u00f3dunkban elfogadni!<\/span><\/li><li class=\"li6\">Az apartmanok berendez\u00e9s\u00e9t a h\u00e1zb\u00f3l kivinni tilos! Az \u00e9rkez\u00e9skor \u00e9s indul\u00e1skor az apartmanokat megtekintj\u00fck. Az esetleges k\u00e1rok okoz\u00e1sa eset\u00e9n, a k\u00e1rokat a vend\u00e9ggel a helysz\u00ednen rendezz\u00fck.<span class=\"Apple-converted-space\">\u00a0<\/span><\/li><li class=\"li6\">K\u00e9rj\u00fck, \u00fcgyeljenek a rendre \u00e9s a tisztas\u00e1gra. Elutaz\u00e1skor az apartmanban, szob\u00e1ban k\u00e9rj\u00fck, ne hagyjanak mosatlan ed\u00e9nyt, ill. szemetet.<span class=\"Apple-converted-space\">\u00a0<\/span><\/li><li class=\"li6\">T\u0171z eset\u00e9n a kijel\u00f6lt helyen tal\u00e1lhat\u00f3 porolt\u00f3 k\u00e9sz\u00fcl\u00e9kkel, azonnal kezdje a ment\u00e9st \u00e9s h\u00edvja a t\u0171zolt\u00f3kat 105-\u00f6s sz\u00e1mon majd azt k\u00f6vet\u0151en a sz\u00e1ll\u00e1sad\u00f3t!<span class=\"Apple-converted-space\">\u00a0<\/span><\/li><li class=\"li6\"><span class=\"s6\">A h\u00e1zirend megs\u00e9rt\u00e9se kitilt\u00e1st, illet\u0151leg t\u00e1rgyak eltulajdon\u00edt\u00e1sa, rong\u00e1l\u00e1sa, egy\u00e9b int\u00e9zked\u00e9st vonhat maga ut\u00e1n.<\/span><\/li><\/ul>\t\t\t\t\t\t\t\t<\/div>\n\t\t\t\t<\/div>\n\t\t\t\t<div class=\"elementor-element elementor-element-9a27ed0 elementor-widget elementor-widget-heading\" data-id=\"9a27ed0\" data-element_type=\"widget\" data-e-type=\"widget\" data-widget_type=\"heading.default\">\n\t\t\t\t<div class=\"elementor-widget-container\">\n\t\t\t\t\t<h2 class=\"elementor-heading-title elementor-size-default\">j\u00f3 <b><font color=\"#68b453\"> pihen\u00e9st \u00e9s kellemes <\/b> <\/font> id\u0151t\u00f6lt\u00e9st k\u00edv\u00e1nunk! <\/h2>\t\t\t\t<\/div>\n\t\t\t\t<\/div>\n\t\t\t\t\t<\/div>\n\t\t<\/div>\n\t\t\t\t\t<\/div>\n\t\t<\/section>\n\t\t\t\t<\/div>\n\t\t","protected":false},"excerpt":{"rendered":"<p>H\u00e1zirend vissza a f\u0151oldalra K\u00d6SZ\u00d6NT\u00dcNK MINDEN KEDVES VEND\u00c9GET A BORG APARTMANOKBAN! Az apartmanunkban elt\u00f6lt\u00f6tt zavartalan pihen\u00e9s \u00e9rdek\u00e9ben \u00f6sszefoglalt legfontosabb tudnival\u00f3k: H\u00c1ZIREND Az apartman vend\u00e9gei k\u00f6telesek betartani \u00e9s elfogadni a H\u00e1zirendet \u00e9s az emberi egy\u00fctt\u00e9l\u00e9s, a kultur\u00e1lt viselked\u00e9s szab\u00e1lyait. \u00c9rkez\u00e9s \/ T\u00e1voz\u00e1s A sz\u00e1ll\u00e1shely az \u00e9rkez\u00e9s napj\u00e1n 14 \u00f3r\u00e1t\u00f3l, az elutaz\u00e1s napj\u00e1n d\u00e9lel\u0151tt 10 \u00f3r\u00e1ig \u00e1ll [&hellip;]<\/p>\n","protected":false},"author":1,"featured_media":0,"parent":0,"menu_order":0,"comment_status":"closed","ping_status":"closed","template":"","meta":{"footnotes":""},"class_list":["post-251","page","type-page","status-publish","hentry"],"yoast_head":"<!-- This site is optimized with the Yoast SEO Premium plugin v27.4 (Yoast SEO v27.4) - https:\/\/yoast.com\/product\/yoast-seo-premium-wordpress\/ -->\n<title>H\u00e1zirend BORG Apartmanok - BORG Apartmanok &amp; Apartmanh\u00e1z<\/title>\n<meta name=\"robots\" content=\"index, follow, max-snippet:-1, max-image-preview:large, max-video-preview:-1\" \/>\n<link rel=\"canonical\" href=\"https:\/\/borgapartmanok.hu\/en\/hazirend-borg-apartmanok\/\" \/>\n<meta property=\"og:locale\" content=\"en_GB\" \/>\n<meta property=\"og:type\" content=\"article\" \/>\n<meta property=\"og:title\" content=\"H\u00e1zirend BORG Apartmanok\" \/>\n<meta property=\"og:description\" content=\"H\u00e1zirend vissza a f\u0151oldalra K\u00d6SZ\u00d6NT\u00dcNK MINDEN KEDVES VEND\u00c9GET A BORG APARTMANOKBAN! Az apartmanunkban elt\u00f6lt\u00f6tt zavartalan pihen\u00e9s \u00e9rdek\u00e9ben \u00f6sszefoglalt legfontosabb tudnival\u00f3k: H\u00c1ZIREND Az apartman vend\u00e9gei k\u00f6telesek betartani \u00e9s elfogadni a H\u00e1zirendet \u00e9s az emberi egy\u00fctt\u00e9l\u00e9s, a kultur\u00e1lt viselked\u00e9s szab\u00e1lyait. \u00c9rkez\u00e9s \/ T\u00e1voz\u00e1s A sz\u00e1ll\u00e1shely az \u00e9rkez\u00e9s napj\u00e1n 14 \u00f3r\u00e1t\u00f3l, az elutaz\u00e1s napj\u00e1n d\u00e9lel\u0151tt 10 \u00f3r\u00e1ig \u00e1ll [&hellip;]\" \/>\n<meta property=\"og:url\" content=\"https:\/\/borgapartmanok.hu\/en\/hazirend-borg-apartmanok\/\" \/>\n<meta property=\"og:site_name\" content=\"BORG Apartmanok &amp; Apartmanh\u00e1z\" \/>\n<meta property=\"article:modified_time\" content=\"2025-02-27T11:16:25+00:00\" \/>\n<meta property=\"og:image\" content=\"https:\/\/borgapartmanok.hu\/wp-content\/uploads\/2025\/02\/466164470_122099561360621278_7769009102960610699_n.jpg\" \/>\n\t<meta property=\"og:image:width\" content=\"2048\" \/>\n\t<meta property=\"og:image:height\" content=\"1366\" \/>\n\t<meta property=\"og:image:type\" content=\"image\/jpeg\" \/>\n<meta name=\"twitter:card\" content=\"summary_large_image\" \/>\n<meta name=\"twitter:label1\" content=\"Estimated reading time\" \/>\n\t<meta name=\"twitter:data1\" content=\"6 minutes\" \/>\n<script type=\"application\/ld+json\" class=\"yoast-schema-graph\">{\"@context\":\"https:\\\/\\\/schema.org\",\"@graph\":[{\"@type\":\"WebPage\",\"@id\":\"https:\\\/\\\/borgapartmanok.hu\\\/hazirend-borg-apartmanok\\\/\",\"url\":\"https:\\\/\\\/borgapartmanok.hu\\\/hazirend-borg-apartmanok\\\/\",\"name\":\"H\u00e1zirend BORG Apartmanok - BORG Apartmanok &amp; Apartmanh\u00e1z\",\"isPartOf\":{\"@id\":\"https:\\\/\\\/borgapartmanok.hu\\\/#website\"},\"datePublished\":\"2025-02-27T11:14:56+00:00\",\"dateModified\":\"2025-02-27T11:16:25+00:00\",\"breadcrumb\":{\"@id\":\"https:\\\/\\\/borgapartmanok.hu\\\/hazirend-borg-apartmanok\\\/#breadcrumb\"},\"inLanguage\":\"en-GB\",\"potentialAction\":[{\"@type\":\"ReadAction\",\"target\":[\"https:\\\/\\\/borgapartmanok.hu\\\/hazirend-borg-apartmanok\\\/\"]}]},{\"@type\":\"BreadcrumbList\",\"@id\":\"https:\\\/\\\/borgapartmanok.hu\\\/hazirend-borg-apartmanok\\\/#breadcrumb\",\"itemListElement\":[{\"@type\":\"ListItem\",\"position\":1,\"name\":\"Home\",\"item\":\"https:\\\/\\\/borgapartmanok.hu\\\/\"},{\"@type\":\"ListItem\",\"position\":2,\"name\":\"H\u00e1zirend BORG Apartmanok\"}]},{\"@type\":\"WebSite\",\"@id\":\"https:\\\/\\\/borgapartmanok.hu\\\/#website\",\"url\":\"https:\\\/\\\/borgapartmanok.hu\\\/\",\"name\":\"BORG Apartmanok &amp; Apartmanh\u00e1z\",\"description\":\"Exkluz\u00edv apartmanok Cegl\u00e9den\",\"potentialAction\":[{\"@type\":\"SearchAction\",\"target\":{\"@type\":\"EntryPoint\",\"urlTemplate\":\"https:\\\/\\\/borgapartmanok.hu\\\/?s={search_term_string}\"},\"query-input\":{\"@type\":\"PropertyValueSpecification\",\"valueRequired\":true,\"valueName\":\"search_term_string\"}}],\"inLanguage\":\"en-GB\"}]}<\/script>\n<!-- \/ Yoast SEO Premium plugin. -->","yoast_head_json":{"title":"H\u00e1zirend BORG Apartmanok - BORG Apartmanok &amp; Apartmanh\u00e1z","robots":{"index":"index","follow":"follow","max-snippet":"max-snippet:-1","max-image-preview":"max-image-preview:large","max-video-preview":"max-video-preview:-1"},"canonical":"https:\/\/borgapartmanok.hu\/en\/hazirend-borg-apartmanok\/","og_locale":"en_GB","og_type":"article","og_title":"H\u00e1zirend BORG Apartmanok","og_description":"H\u00e1zirend vissza a f\u0151oldalra K\u00d6SZ\u00d6NT\u00dcNK MINDEN KEDVES VEND\u00c9GET A BORG APARTMANOKBAN! Az apartmanunkban elt\u00f6lt\u00f6tt zavartalan pihen\u00e9s \u00e9rdek\u00e9ben \u00f6sszefoglalt legfontosabb tudnival\u00f3k: H\u00c1ZIREND Az apartman vend\u00e9gei k\u00f6telesek betartani \u00e9s elfogadni a H\u00e1zirendet \u00e9s az emberi egy\u00fctt\u00e9l\u00e9s, a kultur\u00e1lt viselked\u00e9s szab\u00e1lyait. \u00c9rkez\u00e9s \/ T\u00e1voz\u00e1s A sz\u00e1ll\u00e1shely az \u00e9rkez\u00e9s napj\u00e1n 14 \u00f3r\u00e1t\u00f3l, az elutaz\u00e1s napj\u00e1n d\u00e9lel\u0151tt 10 \u00f3r\u00e1ig \u00e1ll [&hellip;]","og_url":"https:\/\/borgapartmanok.hu\/en\/hazirend-borg-apartmanok\/","og_site_name":"BORG Apartmanok &amp; Apartmanh\u00e1z","article_modified_time":"2025-02-27T11:16:25+00:00","og_image":[{"width":2048,"height":1366,"url":"https:\/\/borgapartmanok.hu\/wp-content\/uploads\/2025\/02\/466164470_122099561360621278_7769009102960610699_n.jpg","type":"image\/jpeg"}],"twitter_card":"summary_large_image","twitter_misc":{"Estimated reading time":"6 minutes"},"schema":{"@context":"https:\/\/schema.org","@graph":[{"@type":"WebPage","@id":"https:\/\/borgapartmanok.hu\/hazirend-borg-apartmanok\/","url":"https:\/\/borgapartmanok.hu\/hazirend-borg-apartmanok\/","name":"H\u00e1zirend BORG Apartmanok - BORG Apartmanok &amp; Apartmanh\u00e1z","isPartOf":{"@id":"https:\/\/borgapartmanok.hu\/#website"},"datePublished":"2025-02-27T11:14:56+00:00","dateModified":"2025-02-27T11:16:25+00:00","breadcrumb":{"@id":"https:\/\/borgapartmanok.hu\/hazirend-borg-apartmanok\/#breadcrumb"},"inLanguage":"en-GB","potentialAction":[{"@type":"ReadAction","target":["https:\/\/borgapartmanok.hu\/hazirend-borg-apartmanok\/"]}]},{"@type":"BreadcrumbList","@id":"https:\/\/borgapartmanok.hu\/hazirend-borg-apartmanok\/#breadcrumb","itemListElement":[{"@type":"ListItem","position":1,"name":"Home","item":"https:\/\/borgapartmanok.hu\/"},{"@type":"ListItem","position":2,"name":"H\u00e1zirend BORG Apartmanok"}]},{"@type":"WebSite","@id":"https:\/\/borgapartmanok.hu\/#website","url":"https:\/\/borgapartmanok.hu\/","name":"BORG Apartmanok &amp; Apartmanh\u00e1z","description":"Exkluz\u00edv apartmanok Cegl\u00e9den","potentialAction":[{"@type":"SearchAction","target":{"@type":"EntryPoint","urlTemplate":"https:\/\/borgapartmanok.hu\/?s={search_term_string}"},"query-input":{"@type":"PropertyValueSpecification","valueRequired":true,"valueName":"search_term_string"}}],"inLanguage":"en-GB"}]}},"_links":{"self":[{"href":"https:\/\/borgapartmanok.hu\/en\/wp-json\/wp\/v2\/pages\/251","targetHints":{"allow":["GET"]}}],"collection":[{"href":"https:\/\/borgapartmanok.hu\/en\/wp-json\/wp\/v2\/pages"}],"about":[{"href":"https:\/\/borgapartmanok.hu\/en\/wp-json\/wp\/v2\/types\/page"}],"author":[{"embeddable":true,"href":"https:\/\/borgapartmanok.hu\/en\/wp-json\/wp\/v2\/users\/1"}],"replies":[{"embeddable":true,"href":"https:\/\/borgapartmanok.hu\/en\/wp-json\/wp\/v2\/comments?post=251"}],"version-history":[{"count":0,"href":"https:\/\/borgapartmanok.hu\/en\/wp-json\/wp\/v2\/pages\/251\/revisions"}],"wp:attachment":[{"href":"https:\/\/borgapartmanok.hu\/en\/wp-json\/wp\/v2\/media?parent=251"}],"curies":[{"name":"wp","href":"https:\/\/api.w.org\/{rel}","templated":true}]}}