{"id":267,"date":"2025-02-27T11:22:44","date_gmt":"2025-02-27T11:22:44","guid":{"rendered":"https:\/\/borgapartmanok.hu\/?page_id=267"},"modified":"2025-06-18T12:19:22","modified_gmt":"2025-06-18T12:19:22","slug":"impresszum-borg-apartmanhaz","status":"publish","type":"page","link":"https:\/\/borgapartmanok.hu\/en\/impresszum-borg-apartmanhaz\/","title":{"rendered":"Impresszum BORG Apartmanh\u00e1z"},"content":{"rendered":"\t\t<div data-elementor-type=\"wp-page\" data-elementor-id=\"267\" class=\"elementor elementor-267\" data-elementor-post-type=\"page\">\n\t\t\t\t\t\t<section class=\"elementor-section elementor-top-section elementor-element elementor-element-71aab809 elementor-section-full_width elementor-reverse-mobile elementor-section-height-default elementor-section-height-default\" data-id=\"71aab809\" data-element_type=\"section\" data-e-type=\"section\">\n\t\t\t\t\t\t<div class=\"elementor-container elementor-column-gap-default\">\n\t\t\t\t\t<div class=\"elementor-column elementor-col-100 elementor-top-column elementor-element elementor-element-161f40a7\" data-id=\"161f40a7\" data-element_type=\"column\" data-e-type=\"column\">\n\t\t\t<div class=\"elementor-widget-wrap elementor-element-populated\">\n\t\t\t\t\t\t<div class=\"elementor-element elementor-element-3f03ba5e elementor-widget elementor-widget-heading\" data-id=\"3f03ba5e\" data-element_type=\"widget\" data-e-type=\"widget\" data-widget_type=\"heading.default\">\n\t\t\t\t<div class=\"elementor-widget-container\">\n\t\t\t\t\t<h1 class=\"elementor-heading-title elementor-size-default\">Impresszum<\/h1>\t\t\t\t<\/div>\n\t\t\t\t<\/div>\n\t\t\t\t\t<\/div>\n\t\t<\/div>\n\t\t\t\t\t<\/div>\n\t\t<\/section>\n\t\t\t\t<section class=\"elementor-section elementor-top-section elementor-element elementor-element-3b0ed6f7 elementor-section-full_width elementor-section-height-default elementor-section-height-default\" data-id=\"3b0ed6f7\" data-element_type=\"section\" data-e-type=\"section\">\n\t\t\t\t\t\t<div class=\"elementor-container elementor-column-gap-default\">\n\t\t\t\t\t<div class=\"elementor-column elementor-col-50 elementor-top-column elementor-element elementor-element-1cd41309\" data-id=\"1cd41309\" data-element_type=\"column\" data-e-type=\"column\">\n\t\t\t<div class=\"elementor-widget-wrap elementor-element-populated\">\n\t\t\t\t\t\t<div class=\"elementor-element elementor-element-27cc54f9 elementor-widget-divider--view-line elementor-widget elementor-widget-divider\" data-id=\"27cc54f9\" data-element_type=\"widget\" data-e-type=\"widget\" data-settings=\"{&quot;motion_fx_motion_fx_scrolling&quot;:&quot;yes&quot;,&quot;motion_fx_translateX_effect&quot;:&quot;yes&quot;,&quot;motion_fx_translateX_direction&quot;:&quot;negative&quot;,&quot;motion_fx_translateX_speed&quot;:{&quot;unit&quot;:&quot;px&quot;,&quot;size&quot;:&quot;1.5&quot;,&quot;sizes&quot;:[]},&quot;motion_fx_devices&quot;:[&quot;desktop&quot;],&quot;motion_fx_translateX_affectedRange&quot;:{&quot;unit&quot;:&quot;%&quot;,&quot;size&quot;:&quot;&quot;,&quot;sizes&quot;:{&quot;start&quot;:0,&quot;end&quot;:100}}}\" data-widget_type=\"divider.default\">\n\t\t\t\t<div class=\"elementor-widget-container\">\n\t\t\t\t\t\t\t<div class=\"elementor-divider\">\n\t\t\t<span class=\"elementor-divider-separator\">\n\t\t\t\t\t\t<\/span>\n\t\t<\/div>\n\t\t\t\t\t\t<\/div>\n\t\t\t\t<\/div>\n\t\t\t\t\t<\/div>\n\t\t<\/div>\n\t\t\t\t<div class=\"elementor-column elementor-col-50 elementor-top-column elementor-element elementor-element-37b434a4\" data-id=\"37b434a4\" data-element_type=\"column\" data-e-type=\"column\">\n\t\t\t<div class=\"elementor-widget-wrap elementor-element-populated\">\n\t\t\t\t\t\t<div class=\"elementor-element elementor-element-34a4076b elementor-align-right elementor-widget elementor-widget-button\" data-id=\"34a4076b\" data-element_type=\"widget\" data-e-type=\"widget\" data-widget_type=\"button.default\">\n\t\t\t\t<div class=\"elementor-widget-container\">\n\t\t\t\t\t\t\t\t\t<div class=\"elementor-button-wrapper\">\n\t\t\t\t\t<a class=\"elementor-button elementor-button-link elementor-size-sm\" href=\"https:\/\/borgapartmanok.hu\/borg-apartmanhaz-home\/\">\n\t\t\t\t\t\t<span class=\"elementor-button-content-wrapper\">\n\t\t\t\t\t\t\t\t\t<span class=\"elementor-button-text\">vissza a f\u0151oldalra<\/span>\n\t\t\t\t\t<\/span>\n\t\t\t\t\t<\/a>\n\t\t\t\t<\/div>\n\t\t\t\t\t\t\t\t<\/div>\n\t\t\t\t<\/div>\n\t\t\t\t\t<\/div>\n\t\t<\/div>\n\t\t\t\t\t<\/div>\n\t\t<\/section>\n\t\t\t\t<section class=\"elementor-section elementor-top-section elementor-element elementor-element-181c01e3 elementor-section-full_width elementor-section-height-default elementor-section-height-default\" data-id=\"181c01e3\" data-element_type=\"section\" data-e-type=\"section\">\n\t\t\t\t\t\t<div class=\"elementor-container elementor-column-gap-default\">\n\t\t\t\t\t<div class=\"elementor-column elementor-col-100 elementor-top-column elementor-element elementor-element-118e2540\" data-id=\"118e2540\" data-element_type=\"column\" data-e-type=\"column\">\n\t\t\t<div class=\"elementor-widget-wrap elementor-element-populated\">\n\t\t\t\t\t\t<div class=\"elementor-element elementor-element-1b5cac6f elementor-widget elementor-widget-text-editor\" data-id=\"1b5cac6f\" data-element_type=\"widget\" data-e-type=\"widget\" data-widget_type=\"text-editor.default\">\n\t\t\t\t<div class=\"elementor-widget-container\">\n\t\t\t\t\t\t\t\t\t<p>Sz\u00e1ll\u00e1shely neve: BORG Apartmanh\u00e1z<\/p><p>Sz\u00e1ll\u00e1shely c\u00edme: 2700 Cegl\u00e9d V\u00e9csei utca 24.\u00a0<\/p><p>Sz\u00e1ll\u00e1shely NTAK sz\u00e1ma, sz\u00e1ll\u00e1shely t\u00edpusa: mag\u00e1nsz\u00e1ll\u00e1shely, MA24092691<\/p><p>Az \u00fczemeltet\u0151\/szolg\u00e1ltat\u00f3 el\u00e9rhet\u0151s\u00e9ge:<\/p><p>N\u00e9v: Borsos Gerg\u0151<\/p><p>Telefonsz\u00e1m: +36 30 319 1460<\/p><p>E-mail c\u00edm: borgapartmanok@gmail.com<\/p><p>Az \u00fczemeltet\u0151\/szolg\u00e1ltat\u00f3 neve: Borsos Gerg\u0151<\/p><p>Az \u00fczemeltet\u0151\/szolg\u00e1ltat\u00f3 sz\u00e9khelye: 2700 Cegl\u00e9d Kemping utca 25.<\/p><p>Az \u00fczemeltet\u0151\/szolg\u00e1ltat\u00f3 postac\u00edme: 2700 Cegl\u00e9d Kemping utca 25.<\/p><p>Az \u00fczemeltet\u0151\/szolg\u00e1ltat\u00f3 ad\u00f3sz\u00e1ma: 90080922-1-33<\/p><p>Az \u00fczemeltet\u0151\/szolg\u00e1ltat\u00f3 banksz\u00e1mlasz\u00e1ma:<\/p><div class=\"gmail_default\">CIB 10701018-54811797-51100005<\/div><p>A weboldal t\u00e1rhelyszolg\u00e1ltat\u00f3j\u00e1nak neve: T\u00e1rhely.eu Kft.<\/p><p>A t\u00e1rhelyszolg\u00e1ltat\u00f3 sz\u00e9khelye:\u00a0 1097\u00a0Budapest,\u00a0K\u00f6nyves K\u00e1lm\u00e1n k\u00f6r\u00fat 12-14.<\/p><p>A t\u00e1rhelyszolg\u00e1ltat\u00f3 telefonsz\u00e1ma, e-mail c\u00edme: <a href=\"tel:+36 1 789-2-789\">+36 1 789-2-789<\/a> support@tarhely.eu<\/p>\t\t\t\t\t\t\t\t<\/div>\n\t\t\t\t<\/div>\n\t\t\t\t\t<\/div>\n\t\t<\/div>\n\t\t\t\t\t<\/div>\n\t\t<\/section>\n\t\t\t\t<\/div>\n\t\t","protected":false},"excerpt":{"rendered":"<p>Impresszum vissza a f\u0151oldalra Sz\u00e1ll\u00e1shely neve: BORG Apartmanh\u00e1z Sz\u00e1ll\u00e1shely c\u00edme: 2700 Cegl\u00e9d V\u00e9csei utca 24.\u00a0 Sz\u00e1ll\u00e1shely NTAK sz\u00e1ma, sz\u00e1ll\u00e1shely t\u00edpusa: mag\u00e1nsz\u00e1ll\u00e1shely, MA24092691 Az \u00fczemeltet\u0151\/szolg\u00e1ltat\u00f3 el\u00e9rhet\u0151s\u00e9ge: N\u00e9v: Borsos Gerg\u0151 Telefonsz\u00e1m: +36 30 319 1460 E-mail c\u00edm: borgapartmanok@gmail.com Az \u00fczemeltet\u0151\/szolg\u00e1ltat\u00f3 neve: Borsos Gerg\u0151 Az \u00fczemeltet\u0151\/szolg\u00e1ltat\u00f3 sz\u00e9khelye: 2700 Cegl\u00e9d Kemping utca 25. Az \u00fczemeltet\u0151\/szolg\u00e1ltat\u00f3 postac\u00edme: 2700 Cegl\u00e9d Kemping [&hellip;]<\/p>\n","protected":false},"author":1,"featured_media":0,"parent":0,"menu_order":0,"comment_status":"closed","ping_status":"closed","template":"","meta":{"footnotes":""},"class_list":["post-267","page","type-page","status-publish","hentry"],"yoast_head":"<!-- This site is optimized with the Yoast SEO Premium plugin v27.4 (Yoast SEO v27.4) - https:\/\/yoast.com\/product\/yoast-seo-premium-wordpress\/ -->\n<title>Impresszum BORG Apartmanh\u00e1z - BORG Apartmanok &amp; Apartmanh\u00e1z<\/title>\n<meta name=\"robots\" content=\"index, follow, max-snippet:-1, max-image-preview:large, max-video-preview:-1\" \/>\n<link rel=\"canonical\" href=\"https:\/\/borgapartmanok.hu\/en\/impresszum-borg-apartmanhaz\/\" \/>\n<meta property=\"og:locale\" content=\"en_GB\" \/>\n<meta property=\"og:type\" content=\"article\" \/>\n<meta property=\"og:title\" content=\"Impresszum BORG Apartmanh\u00e1z\" \/>\n<meta property=\"og:description\" content=\"Impresszum vissza a f\u0151oldalra Sz\u00e1ll\u00e1shely neve: BORG Apartmanh\u00e1z Sz\u00e1ll\u00e1shely c\u00edme: 2700 Cegl\u00e9d V\u00e9csei utca 24.\u00a0 Sz\u00e1ll\u00e1shely NTAK sz\u00e1ma, sz\u00e1ll\u00e1shely t\u00edpusa: mag\u00e1nsz\u00e1ll\u00e1shely, MA24092691 Az \u00fczemeltet\u0151\/szolg\u00e1ltat\u00f3 el\u00e9rhet\u0151s\u00e9ge: N\u00e9v: Borsos Gerg\u0151 Telefonsz\u00e1m: +36 30 319 1460 E-mail c\u00edm: borgapartmanok@gmail.com Az \u00fczemeltet\u0151\/szolg\u00e1ltat\u00f3 neve: Borsos Gerg\u0151 Az \u00fczemeltet\u0151\/szolg\u00e1ltat\u00f3 sz\u00e9khelye: 2700 Cegl\u00e9d Kemping utca 25. Az \u00fczemeltet\u0151\/szolg\u00e1ltat\u00f3 postac\u00edme: 2700 Cegl\u00e9d Kemping [&hellip;]\" \/>\n<meta property=\"og:url\" content=\"https:\/\/borgapartmanok.hu\/en\/impresszum-borg-apartmanhaz\/\" \/>\n<meta property=\"og:site_name\" content=\"BORG Apartmanok &amp; Apartmanh\u00e1z\" \/>\n<meta property=\"article:modified_time\" content=\"2025-06-18T12:19:22+00:00\" \/>\n<meta property=\"og:image\" content=\"https:\/\/borgapartmanok.hu\/wp-content\/uploads\/2025\/02\/466164470_122099561360621278_7769009102960610699_n.jpg\" \/>\n\t<meta property=\"og:image:width\" content=\"2048\" \/>\n\t<meta property=\"og:image:height\" content=\"1366\" \/>\n\t<meta property=\"og:image:type\" content=\"image\/jpeg\" \/>\n<meta name=\"twitter:card\" content=\"summary_large_image\" \/>\n<meta name=\"twitter:label1\" content=\"Estimated reading time\" \/>\n\t<meta name=\"twitter:data1\" content=\"1 minute\" \/>\n<script type=\"application\/ld+json\" class=\"yoast-schema-graph\">{\"@context\":\"https:\\\/\\\/schema.org\",\"@graph\":[{\"@type\":\"WebPage\",\"@id\":\"https:\\\/\\\/borgapartmanok.hu\\\/impresszum-borg-apartmanhaz\\\/\",\"url\":\"https:\\\/\\\/borgapartmanok.hu\\\/impresszum-borg-apartmanhaz\\\/\",\"name\":\"Impresszum BORG Apartmanh\u00e1z - BORG Apartmanok &amp; Apartmanh\u00e1z\",\"isPartOf\":{\"@id\":\"https:\\\/\\\/borgapartmanok.hu\\\/#website\"},\"datePublished\":\"2025-02-27T11:22:44+00:00\",\"dateModified\":\"2025-06-18T12:19:22+00:00\",\"breadcrumb\":{\"@id\":\"https:\\\/\\\/borgapartmanok.hu\\\/impresszum-borg-apartmanhaz\\\/#breadcrumb\"},\"inLanguage\":\"en-GB\",\"potentialAction\":[{\"@type\":\"ReadAction\",\"target\":[\"https:\\\/\\\/borgapartmanok.hu\\\/impresszum-borg-apartmanhaz\\\/\"]}]},{\"@type\":\"BreadcrumbList\",\"@id\":\"https:\\\/\\\/borgapartmanok.hu\\\/impresszum-borg-apartmanhaz\\\/#breadcrumb\",\"itemListElement\":[{\"@type\":\"ListItem\",\"position\":1,\"name\":\"Home\",\"item\":\"https:\\\/\\\/borgapartmanok.hu\\\/\"},{\"@type\":\"ListItem\",\"position\":2,\"name\":\"Impresszum BORG Apartmanh\u00e1z\"}]},{\"@type\":\"WebSite\",\"@id\":\"https:\\\/\\\/borgapartmanok.hu\\\/#website\",\"url\":\"https:\\\/\\\/borgapartmanok.hu\\\/\",\"name\":\"BORG Apartmanok &amp; Apartmanh\u00e1z\",\"description\":\"Exkluz\u00edv apartmanok Cegl\u00e9den\",\"potentialAction\":[{\"@type\":\"SearchAction\",\"target\":{\"@type\":\"EntryPoint\",\"urlTemplate\":\"https:\\\/\\\/borgapartmanok.hu\\\/?s={search_term_string}\"},\"query-input\":{\"@type\":\"PropertyValueSpecification\",\"valueRequired\":true,\"valueName\":\"search_term_string\"}}],\"inLanguage\":\"en-GB\"}]}<\/script>\n<!-- \/ Yoast SEO Premium plugin. -->","yoast_head_json":{"title":"Impresszum BORG Apartmanh\u00e1z - BORG Apartmanok &amp; Apartmanh\u00e1z","robots":{"index":"index","follow":"follow","max-snippet":"max-snippet:-1","max-image-preview":"max-image-preview:large","max-video-preview":"max-video-preview:-1"},"canonical":"https:\/\/borgapartmanok.hu\/en\/impresszum-borg-apartmanhaz\/","og_locale":"en_GB","og_type":"article","og_title":"Impresszum BORG Apartmanh\u00e1z","og_description":"Impresszum vissza a f\u0151oldalra Sz\u00e1ll\u00e1shely neve: BORG Apartmanh\u00e1z Sz\u00e1ll\u00e1shely c\u00edme: 2700 Cegl\u00e9d V\u00e9csei utca 24.\u00a0 Sz\u00e1ll\u00e1shely NTAK sz\u00e1ma, sz\u00e1ll\u00e1shely t\u00edpusa: mag\u00e1nsz\u00e1ll\u00e1shely, MA24092691 Az \u00fczemeltet\u0151\/szolg\u00e1ltat\u00f3 el\u00e9rhet\u0151s\u00e9ge: N\u00e9v: Borsos Gerg\u0151 Telefonsz\u00e1m: +36 30 319 1460 E-mail c\u00edm: borgapartmanok@gmail.com Az \u00fczemeltet\u0151\/szolg\u00e1ltat\u00f3 neve: Borsos Gerg\u0151 Az \u00fczemeltet\u0151\/szolg\u00e1ltat\u00f3 sz\u00e9khelye: 2700 Cegl\u00e9d Kemping utca 25. Az \u00fczemeltet\u0151\/szolg\u00e1ltat\u00f3 postac\u00edme: 2700 Cegl\u00e9d Kemping [&hellip;]","og_url":"https:\/\/borgapartmanok.hu\/en\/impresszum-borg-apartmanhaz\/","og_site_name":"BORG Apartmanok &amp; Apartmanh\u00e1z","article_modified_time":"2025-06-18T12:19:22+00:00","og_image":[{"width":2048,"height":1366,"url":"https:\/\/borgapartmanok.hu\/wp-content\/uploads\/2025\/02\/466164470_122099561360621278_7769009102960610699_n.jpg","type":"image\/jpeg"}],"twitter_card":"summary_large_image","twitter_misc":{"Estimated reading time":"1 minute"},"schema":{"@context":"https:\/\/schema.org","@graph":[{"@type":"WebPage","@id":"https:\/\/borgapartmanok.hu\/impresszum-borg-apartmanhaz\/","url":"https:\/\/borgapartmanok.hu\/impresszum-borg-apartmanhaz\/","name":"Impresszum BORG Apartmanh\u00e1z - BORG Apartmanok &amp; Apartmanh\u00e1z","isPartOf":{"@id":"https:\/\/borgapartmanok.hu\/#website"},"datePublished":"2025-02-27T11:22:44+00:00","dateModified":"2025-06-18T12:19:22+00:00","breadcrumb":{"@id":"https:\/\/borgapartmanok.hu\/impresszum-borg-apartmanhaz\/#breadcrumb"},"inLanguage":"en-GB","potentialAction":[{"@type":"ReadAction","target":["https:\/\/borgapartmanok.hu\/impresszum-borg-apartmanhaz\/"]}]},{"@type":"BreadcrumbList","@id":"https:\/\/borgapartmanok.hu\/impresszum-borg-apartmanhaz\/#breadcrumb","itemListElement":[{"@type":"ListItem","position":1,"name":"Home","item":"https:\/\/borgapartmanok.hu\/"},{"@type":"ListItem","position":2,"name":"Impresszum BORG Apartmanh\u00e1z"}]},{"@type":"WebSite","@id":"https:\/\/borgapartmanok.hu\/#website","url":"https:\/\/borgapartmanok.hu\/","name":"BORG Apartmanok &amp; Apartmanh\u00e1z","description":"Exkluz\u00edv apartmanok Cegl\u00e9den","potentialAction":[{"@type":"SearchAction","target":{"@type":"EntryPoint","urlTemplate":"https:\/\/borgapartmanok.hu\/?s={search_term_string}"},"query-input":{"@type":"PropertyValueSpecification","valueRequired":true,"valueName":"search_term_string"}}],"inLanguage":"en-GB"}]}},"_links":{"self":[{"href":"https:\/\/borgapartmanok.hu\/en\/wp-json\/wp\/v2\/pages\/267","targetHints":{"allow":["GET"]}}],"collection":[{"href":"https:\/\/borgapartmanok.hu\/en\/wp-json\/wp\/v2\/pages"}],"about":[{"href":"https:\/\/borgapartmanok.hu\/en\/wp-json\/wp\/v2\/types\/page"}],"author":[{"embeddable":true,"href":"https:\/\/borgapartmanok.hu\/en\/wp-json\/wp\/v2\/users\/1"}],"replies":[{"embeddable":true,"href":"https:\/\/borgapartmanok.hu\/en\/wp-json\/wp\/v2\/comments?post=267"}],"version-history":[{"count":0,"href":"https:\/\/borgapartmanok.hu\/en\/wp-json\/wp\/v2\/pages\/267\/revisions"}],"wp:attachment":[{"href":"https:\/\/borgapartmanok.hu\/en\/wp-json\/wp\/v2\/media?parent=267"}],"curies":[{"name":"wp","href":"https:\/\/api.w.org\/{rel}","templated":true}]}}