{"id":442,"date":"2025-03-11T14:09:48","date_gmt":"2025-03-11T14:09:48","guid":{"rendered":"https:\/\/borgapartmanok.hu\/?page_id=442"},"modified":"2025-06-18T06:47:45","modified_gmt":"2025-06-18T06:47:45","slug":"foglalas-borg-apartmanhaz","status":"publish","type":"page","link":"https:\/\/borgapartmanok.hu\/en\/foglalas-borg-apartmanhaz\/","title":{"rendered":"Foglal\u00e1s Borg Apartmanh\u00e1z"},"content":{"rendered":"<div data-elementor-type=\"wp-page\" data-elementor-id=\"442\" class=\"elementor elementor-442\" data-elementor-post-type=\"page\">\n\t\t\t\t<div class=\"elementor-element elementor-element-625dab2 e-flex e-con-boxed e-con e-parent\" data-id=\"625dab2\" data-element_type=\"container\" data-e-type=\"container\" data-settings=\"{&quot;background_background&quot;:&quot;classic&quot;}\">\n\t\t\t\t\t<div class=\"e-con-inner\">\n\t\t\t\t<div class=\"elementor-element elementor-element-e2feb37 elementor-widget elementor-widget-html\" data-id=\"e2feb37\" data-element_type=\"widget\" data-e-type=\"widget\" data-widget_type=\"html.default\">\n\t\t\t\t<div class=\"elementor-widget-container\">\n\t\t\t\t\t<div id=\"appartman-embed-iframe-wrapper\">\n    <iframe\n        id=\"appartman-embed-iframe\"\n        src=\"https:\/\/foglalas.appartman.hu\/borg-apartmanhaz\/embed\"\n        width=\"100%\"\n        scrolling=\"yes\"\n    ><\/iframe>\n<\/div>\n<script src=\"https:\/\/foglalas.appartman.hu\/embed-script-min.js\"><\/script>\t\t\t\t<\/div>\n\t\t\t\t<\/div>\n\t\t\t\t\t<\/div>\n\t\t\t\t<\/div>\n\t\t\t\t<\/div>","protected":false},"excerpt":{"rendered":"","protected":false},"author":1,"featured_media":0,"parent":0,"menu_order":0,"comment_status":"closed","ping_status":"closed","template":"","meta":{"footnotes":""},"class_list":["post-442","page","type-page","status-publish","hentry"],"yoast_head":"<!-- This site is optimized with the Yoast SEO Premium plugin v27.4 (Yoast SEO v27.4) - https:\/\/yoast.com\/product\/yoast-seo-premium-wordpress\/ -->\n<title>Foglal\u00e1s Borg Apartmanh\u00e1z - BORG Apartmanok &amp; Apartmanh\u00e1z<\/title>\n<meta name=\"robots\" content=\"index, follow, max-snippet:-1, max-image-preview:large, max-video-preview:-1\" \/>\n<link rel=\"canonical\" href=\"https:\/\/borgapartmanok.hu\/en\/foglalas-borg-apartmanhaz\/\" \/>\n<meta property=\"og:locale\" content=\"en_GB\" \/>\n<meta property=\"og:type\" content=\"article\" \/>\n<meta property=\"og:title\" content=\"Foglal\u00e1s Borg Apartmanh\u00e1z\" \/>\n<meta property=\"og:url\" content=\"https:\/\/borgapartmanok.hu\/en\/foglalas-borg-apartmanhaz\/\" \/>\n<meta property=\"og:site_name\" content=\"BORG Apartmanok &amp; Apartmanh\u00e1z\" \/>\n<meta property=\"article:modified_time\" content=\"2025-06-18T06:47:45+00:00\" \/>\n<meta property=\"og:image\" content=\"https:\/\/borgapartmanok.hu\/wp-content\/uploads\/2025\/02\/466164470_122099561360621278_7769009102960610699_n.jpg\" \/>\n\t<meta property=\"og:image:width\" content=\"2048\" \/>\n\t<meta property=\"og:image:height\" content=\"1366\" \/>\n\t<meta property=\"og:image:type\" content=\"image\/jpeg\" \/>\n<meta name=\"twitter:card\" content=\"summary_large_image\" \/>\n<script type=\"application\/ld+json\" class=\"yoast-schema-graph\">{\"@context\":\"https:\\\/\\\/schema.org\",\"@graph\":[{\"@type\":\"WebPage\",\"@id\":\"https:\\\/\\\/borgapartmanok.hu\\\/foglalas-borg-apartmanhaz\\\/\",\"url\":\"https:\\\/\\\/borgapartmanok.hu\\\/foglalas-borg-apartmanhaz\\\/\",\"name\":\"Foglal\u00e1s Borg Apartmanh\u00e1z - BORG Apartmanok &amp; Apartmanh\u00e1z\",\"isPartOf\":{\"@id\":\"https:\\\/\\\/borgapartmanok.hu\\\/#website\"},\"datePublished\":\"2025-03-11T14:09:48+00:00\",\"dateModified\":\"2025-06-18T06:47:45+00:00\",\"breadcrumb\":{\"@id\":\"https:\\\/\\\/borgapartmanok.hu\\\/foglalas-borg-apartmanhaz\\\/#breadcrumb\"},\"inLanguage\":\"en-GB\",\"potentialAction\":[{\"@type\":\"ReadAction\",\"target\":[\"https:\\\/\\\/borgapartmanok.hu\\\/foglalas-borg-apartmanhaz\\\/\"]}]},{\"@type\":\"BreadcrumbList\",\"@id\":\"https:\\\/\\\/borgapartmanok.hu\\\/foglalas-borg-apartmanhaz\\\/#breadcrumb\",\"itemListElement\":[{\"@type\":\"ListItem\",\"position\":1,\"name\":\"Home\",\"item\":\"https:\\\/\\\/borgapartmanok.hu\\\/\"},{\"@type\":\"ListItem\",\"position\":2,\"name\":\"Foglal\u00e1s Borg Apartmanh\u00e1z\"}]},{\"@type\":\"WebSite\",\"@id\":\"https:\\\/\\\/borgapartmanok.hu\\\/#website\",\"url\":\"https:\\\/\\\/borgapartmanok.hu\\\/\",\"name\":\"BORG Apartmanok &amp; Apartmanh\u00e1z\",\"description\":\"Exkluz\u00edv apartmanok Cegl\u00e9den\",\"potentialAction\":[{\"@type\":\"SearchAction\",\"target\":{\"@type\":\"EntryPoint\",\"urlTemplate\":\"https:\\\/\\\/borgapartmanok.hu\\\/?s={search_term_string}\"},\"query-input\":{\"@type\":\"PropertyValueSpecification\",\"valueRequired\":true,\"valueName\":\"search_term_string\"}}],\"inLanguage\":\"en-GB\"}]}<\/script>\n<!-- \/ Yoast SEO Premium plugin. -->","yoast_head_json":{"title":"Foglal\u00e1s Borg Apartmanh\u00e1z - BORG Apartmanok &amp; Apartmanh\u00e1z","robots":{"index":"index","follow":"follow","max-snippet":"max-snippet:-1","max-image-preview":"max-image-preview:large","max-video-preview":"max-video-preview:-1"},"canonical":"https:\/\/borgapartmanok.hu\/en\/foglalas-borg-apartmanhaz\/","og_locale":"en_GB","og_type":"article","og_title":"Foglal\u00e1s Borg Apartmanh\u00e1z","og_url":"https:\/\/borgapartmanok.hu\/en\/foglalas-borg-apartmanhaz\/","og_site_name":"BORG Apartmanok &amp; Apartmanh\u00e1z","article_modified_time":"2025-06-18T06:47:45+00:00","og_image":[{"width":2048,"height":1366,"url":"https:\/\/borgapartmanok.hu\/wp-content\/uploads\/2025\/02\/466164470_122099561360621278_7769009102960610699_n.jpg","type":"image\/jpeg"}],"twitter_card":"summary_large_image","schema":{"@context":"https:\/\/schema.org","@graph":[{"@type":"WebPage","@id":"https:\/\/borgapartmanok.hu\/foglalas-borg-apartmanhaz\/","url":"https:\/\/borgapartmanok.hu\/foglalas-borg-apartmanhaz\/","name":"Foglal\u00e1s Borg Apartmanh\u00e1z - BORG Apartmanok &amp; Apartmanh\u00e1z","isPartOf":{"@id":"https:\/\/borgapartmanok.hu\/#website"},"datePublished":"2025-03-11T14:09:48+00:00","dateModified":"2025-06-18T06:47:45+00:00","breadcrumb":{"@id":"https:\/\/borgapartmanok.hu\/foglalas-borg-apartmanhaz\/#breadcrumb"},"inLanguage":"en-GB","potentialAction":[{"@type":"ReadAction","target":["https:\/\/borgapartmanok.hu\/foglalas-borg-apartmanhaz\/"]}]},{"@type":"BreadcrumbList","@id":"https:\/\/borgapartmanok.hu\/foglalas-borg-apartmanhaz\/#breadcrumb","itemListElement":[{"@type":"ListItem","position":1,"name":"Home","item":"https:\/\/borgapartmanok.hu\/"},{"@type":"ListItem","position":2,"name":"Foglal\u00e1s Borg Apartmanh\u00e1z"}]},{"@type":"WebSite","@id":"https:\/\/borgapartmanok.hu\/#website","url":"https:\/\/borgapartmanok.hu\/","name":"BORG Apartmanok &amp; Apartmanh\u00e1z","description":"Exkluz\u00edv apartmanok Cegl\u00e9den","potentialAction":[{"@type":"SearchAction","target":{"@type":"EntryPoint","urlTemplate":"https:\/\/borgapartmanok.hu\/?s={search_term_string}"},"query-input":{"@type":"PropertyValueSpecification","valueRequired":true,"valueName":"search_term_string"}}],"inLanguage":"en-GB"}]}},"_links":{"self":[{"href":"https:\/\/borgapartmanok.hu\/en\/wp-json\/wp\/v2\/pages\/442","targetHints":{"allow":["GET"]}}],"collection":[{"href":"https:\/\/borgapartmanok.hu\/en\/wp-json\/wp\/v2\/pages"}],"about":[{"href":"https:\/\/borgapartmanok.hu\/en\/wp-json\/wp\/v2\/types\/page"}],"author":[{"embeddable":true,"href":"https:\/\/borgapartmanok.hu\/en\/wp-json\/wp\/v2\/users\/1"}],"replies":[{"embeddable":true,"href":"https:\/\/borgapartmanok.hu\/en\/wp-json\/wp\/v2\/comments?post=442"}],"version-history":[{"count":0,"href":"https:\/\/borgapartmanok.hu\/en\/wp-json\/wp\/v2\/pages\/442\/revisions"}],"wp:attachment":[{"href":"https:\/\/borgapartmanok.hu\/en\/wp-json\/wp\/v2\/media?parent=442"}],"curies":[{"name":"wp","href":"https:\/\/api.w.org\/{rel}","templated":true}]}}